{"id":46,"date":"2024-12-31T11:19:16","date_gmt":"2024-12-31T11:19:16","guid":{"rendered":"https:\/\/romandie-opportunit\u00e9.ch\/?page_id=46"},"modified":"2024-12-31T13:47:13","modified_gmt":"2024-12-31T13:47:13","slug":"cgvu","status":"publish","type":"page","link":"https:\/\/romandie-opportunit\u00e9.ch\/?page_id=46","title":{"rendered":"CGVU"},"content":{"rendered":"<p>[et_pb_section fb_built=\u00a0\u00bb1&Prime; admin_label=\u00a0\u00bbHero\u00a0\u00bb _builder_version=\u00a0\u00bb4.27.4&Prime; _module_preset=\u00a0\u00bbdefault\u00a0\u00bb use_background_color_gradient=\u00a0\u00bbon\u00a0\u00bb background_color_gradient_type=\u00a0\u00bbcircular\u00a0\u00bb background_color_gradient_direction_radial=\u00a0\u00bbtop left\u00a0\u00bb background_color_gradient_stops=\u00a0\u00bbrgba(40,40,40,0.79) 0%|rgba(40,40,40,0.86) 100%\u00a0\u00bb background_color_gradient_overlays_image=\u00a0\u00bbon\u00a0\u00bb background_color_gradient_start=\u00a0\u00bbrgba(40,40,40,0.79)\u00a0\u00bb background_color_gradient_end=\u00a0\u00bbrgba(40,40,40,0.86)\u00a0\u00bb background_image=\u00a0\u00bbhttps:\/\/romandie-opportunit\u00e9.ch\/wp-content\/uploads\/2024\/12\/pexels-sora-shimazaki-5669602.jpg\u00a0\u00bb custom_margin=\u00a0\u00bb||||false\u00a0\u00bb custom_padding=\u00a0\u00bb0px||0px||true|false\u00a0\u00bb global_colors_info=\u00a0\u00bb{}\u00a0\u00bb][et_pb_row _builder_version=\u00a0\u00bb4.27.4&Prime; _module_preset=\u00a0\u00bbdefault\u00a0\u00bb width=\u00a0\u00bb90%\u00a0\u00bb max_width=\u00a0\u00bb100%\u00a0\u00bb global_colors_info=\u00a0\u00bb{}\u00a0\u00bb][et_pb_column type=\u00a0\u00bb4_4&Prime; _builder_version=\u00a0\u00bb4.16&Prime; _module_preset=\u00a0\u00bbdefault\u00a0\u00bb custom_padding=\u00a0\u00bb|||\u00a0\u00bb global_colors_info=\u00a0\u00bb{}\u00a0\u00bb custom_padding__hover=\u00a0\u00bb|||\u00a0\u00bb][et_pb_text _builder_version=\u00a0\u00bb4.27.4&Prime; _module_preset=\u00a0\u00bbdefault\u00a0\u00bb text_font=\u00a0\u00bb||||||||\u00a0\u00bb header_font=\u00a0\u00bbTitillium Web|600|||||||\u00a0\u00bb header_font_size=\u00a0\u00bb60px\u00a0\u00bb header_line_height=\u00a0\u00bb1.1em\u00a0\u00bb background_layout=\u00a0\u00bbdark\u00a0\u00bb max_width=\u00a0\u00bb800px\u00a0\u00bb custom_margin=\u00a0\u00bb||0px|\u00a0\u00bb custom_padding=\u00a0\u00bb|||16px\u00a0\u00bb hover_enabled=\u00a0\u00bb0&Prime; text_font_size_tablet=\u00a0\u00bb14px\u00a0\u00bb text_font_size_last_edited=\u00a0\u00bboff|desktop\u00a0\u00bb header_font_size_tablet=\u00a0\u00bb44px\u00a0\u00bb header_font_size_phone=\u00a0\u00bb32px\u00a0\u00bb header_font_size_last_edited=\u00a0\u00bbon|phone\u00a0\u00bb border_color_all=\u00a0\u00bb#F58832&Prime; global_colors_info=\u00a0\u00bb{}\u00a0\u00bb sticky_enabled=\u00a0\u00bb0&Prime;]<\/p>\n<h1>Conditions g\u00e9n\u00e9rales de vente<\/h1>\n<p>[\/et_pb_text][\/et_pb_column][\/et_pb_row][\/et_pb_section][et_pb_section fb_built=\u00a0\u00bb1&Prime; admin_label=\u00a0\u00bbBlog\u00a0\u00bb _builder_version=\u00a0\u00bb4.16&Prime; _module_preset=\u00a0\u00bbdefault\u00a0\u00bb background_color=\u00a0\u00bb#FFFFFF\u00a0\u00bb global_colors_info=\u00a0\u00bb{}\u00a0\u00bb][et_pb_row custom_padding_last_edited=\u00a0\u00bbon|phone\u00a0\u00bb _builder_version=\u00a0\u00bb4.27.4&Prime; _module_preset=\u00a0\u00bbdefault\u00a0\u00bb background_color=\u00a0\u00bb#f6f4f0&Prime; width=\u00a0\u00bb90%\u00a0\u00bb max_width=\u00a0\u00bb100%\u00a0\u00bb custom_margin=\u00a0\u00bb||||false|false\u00a0\u00bb custom_padding=\u00a0\u00bb40px|40px|40px|40px|true|true\u00a0\u00bb custom_padding_tablet=\u00a0\u00bb40px|40px|40px|40px|true|true\u00a0\u00bb custom_padding_phone=\u00a0\u00bb20px|20px|20px|20px|true|true\u00a0\u00bb hover_enabled=\u00a0\u00bb0&Prime; border_color_all=\u00a0\u00bb#ffa801&Prime; global_colors_info=\u00a0\u00bb{}\u00a0\u00bb custom_margin__hover_enabled=\u00a0\u00bbon|desktop\u00a0\u00bb custom_margin__hover=\u00a0\u00bb||||false|false\u00a0\u00bb sticky_enabled=\u00a0\u00bb0&Prime;][et_pb_column type=\u00a0\u00bb4_4&Prime; _builder_version=\u00a0\u00bb4.16&Prime; _module_preset=\u00a0\u00bbdefault\u00a0\u00bb global_colors_info=\u00a0\u00bb{}\u00a0\u00bb][et_pb_text _builder_version=\u00a0\u00bb4.27.4&Prime; _module_preset=\u00a0\u00bbdefault\u00a0\u00bb text_font=\u00a0\u00bbTitillium Web||||||||\u00a0\u00bb text_text_color=\u00a0\u00bb#1d263a\u00a0\u00bb link_text_color=\u00a0\u00bbrgba(0,0,0,0.73)\u00a0\u00bb global_colors_info=\u00a0\u00bb{}\u00a0\u00bb]<strong>PREAMBULE<\/strong><\/p>\n<p>La soci\u00e9t\u00e9 OPSIO SARL (ci-apr\u00e8s : OPSIO) a mis sur pied le site web opsio.ch.<\/p>\n<p>OPSIO a pour objectif de proposer \u00e0 ses Clients des services payants dans le domaine de la pr\u00e9voyance, de l\u2019investissement financier, de la fiscalit\u00e9, et de la recherche d\u2019avoirs de libre passage.<\/p>\n<p>OPSIO propose \u00e9galement un service \u00ab Aide emploi \u00bb ayant pour but de mettre en relation gratuitement les Clients sans emploi avec des employeurs. <\/p>\n<p>OPSIO a donc cr\u00e9\u00e9 un site internet permettant aux Utilisateurs de s\u00e9lectionner les diff\u00e9rents services dont ils ont besoin et de prendre contact avec un conseiller.<\/p>\n<p><strong>ARTICLE 1 &#8211; D\u00e9finitions<\/strong><\/p>\n<p>\u2022\tClient(s) : toute personne ayant souscrit \u00e0 un Service.<br \/>\n\u2022\tPolitique de confidentialit\u00e9 : conditions g\u00e9n\u00e9rales encadrant la collecte, le traitement, la sauvegarde, la transmission et la suppression des donn\u00e9es des Utilisateurs sur le Site.<br \/>\n\u2022\tService(s) : toute(s) prestation(s) propos\u00e9e(s) par OPSIO, qu\u2019elle(s) soi(en)t payante(s) ou gratuite(s).<br \/>\n\u2022\tSite : le site internet \u00ab opsio.ch \u00bb<br \/>\n\u2022\tUtilisateur(s) : tout personne se rendant sur le Site.<\/p>\n<p><strong>ARTICLE 2 &#8211; Champ d\u2019application des CGVU<\/strong><\/p>\n<p>Les CGVU encadrent tant l\u2019utilisation du Site que la fourniture des Services.  <\/p>\n<p>En visitant le Site et\/ou en profitant des Services d\u2019OPSIO, l\u2019Utilisateur, respectivement le Client, d\u00e9clare accepter sans r\u00e9serve les pr\u00e9sentes CGVU qui sont conclues entre lui et OPSIO. <\/p>\n<p><strong>ARTICLE 3 &#8211; Services<\/strong><\/p>\n<p>Les Services et leurs \u00e9ventuelles modalit\u00e9s suppl\u00e9mentaires sont r\u00e9gl\u00e9s par contrats sign\u00e9s \u00e9lectroniquement entre OPSIO et le Client.<\/p>\n<p>Le service \u00ab Aide emploi \u00bb est un service gratuit exclusivement r\u00e9serv\u00e9 aux personnes sans emploi ou au ch\u00f4mage \u00bb r\u00e9sidant en Suisse. Le Client s\u2019engage \u00e0 ne pas conclure ce type de service s\u2019il ne satisfait pas aux conditions susmentionn\u00e9es et \u00e0 informer OPSIO en cas de changement de situation en cours de relations contractuelles. OPSIO se r\u00e9serve le droit de demander une preuve de la situation du Client.<\/p>\n<p>Chaque partie est en droit de mettre fin en tout temps au service \u00ab Aide emploi \u00bb. <\/p>\n<p><strong>ARTICLE 4 &#8211; Prix<\/strong><br \/>\nLes prix sont d\u00e9termin\u00e9s dans les contrats sign\u00e9s entre OPSIO et le Client.<\/p>\n<p>Chaque Service, \u00e0 l\u2019exception du Service \u00ab Aide emploi \u00bb, fait l\u2019objet d\u2019une facturation. OPSIO se r\u00e9serve le droit de ne pas d\u00e9buter un Service tant que le paiement de la facture n\u2019a pas \u00e9t\u00e9 re\u00e7u.<\/p>\n<p>En cas de d\u00e9faut de paiement d\u2019un ou plusieurs Services, OPSIO est \u00e9galement en droit de suspendre l\u2019ensemble de ses Services en faveur d\u2019un Client jusqu\u2019\u00e0 acquittement du montant d\u00fb.<\/p>\n<p><strong>ARTICLE 5 &#8211; Informations fournies par le client<\/strong><\/p>\n<p>Le Client s\u2019engage \u00e0 fournir des informations personnelles correctes et conformes \u00e0 la v\u00e9rit\u00e9. Il s\u2019engage en particulier \u00e0 fournir sa r\u00e9elle identit\u00e9, \u00e0 savoir son nom et son pr\u00e9nom, son adresse et son num\u00e9ro de t\u00e9l\u00e9phone.<\/p>\n<p>Le Client s\u2019engage \u00e0 communiquer toute modification de ses informations personnelles.<\/p>\n<p><strong>ARTICLE 6 &#8211; Utilisation g\u00e9n\u00e9rale du Site et des Services<\/strong><\/p>\n<p>L\u2019Utilisateur, respectivement le Client, s\u2019engagent \u00e0 utiliser le Site et les Services de mani\u00e8re conforme au droit. Toute utilisation abusive et\/ou illicite est prohib\u00e9e.<\/p>\n<p>L&rsquo;ensemble des \u00e9l\u00e9ments du Site est notamment prot\u00e9g\u00e9 par la l\u00e9gislation sur la propri\u00e9t\u00e9 intellectuelle et en particulier par celle relative au droit d&rsquo;auteur. La reproduction, la transmission, la modification ou l&rsquo;utilisation \u00e0 des fins publiques ou commerciales du Site ainsi que la cr\u00e9ation de liens avec ce dernier sont soumises \u00e0 autorisation \u00e9crite pr\u00e9alable de OPSIO.<\/p>\n<p>OPSIO entretient son Site en accordant une importance toute particuli\u00e8re \u00e0 la qualit\u00e9, l&rsquo;int\u00e9gralit\u00e9 et la s\u00e9curit\u00e9 des informations y figurant. De plus, elle prend les mesures raisonnablement possibles pour assurer le bon fonctionnement de son Site. N\u00e9anmoins, OPSIO ne peut garantir l&rsquo;exactitude, la fiabilit\u00e9 et l&rsquo;int\u00e9gralit\u00e9 des informations, images, documents, logiciels et autres donn\u00e9es y figurant. En outre, des d\u00e9faillances du syst\u00e8me telles que des interruptions, des attaques par des virus ou des pertes de donn\u00e9es ne peuvent pas \u00eatre exclues.<\/p>\n<p>OPSIO se r\u00e9serve le droit de compl\u00e9ter, modifier ou supprimer son site ainsi que les informations qui y sont publi\u00e9es en tout temps et sans avis pr\u00e9alable.<\/p>\n<p><strong>ARTICLE 7 &#8211; Responsabilit\u00e9<\/strong><\/p>\n<p>En aucun cas OPSIO ne peut \u00eatre tenue pour responsable de dommages directs ou indirects r\u00e9sultant de l\u2019acc\u00e8s, de la consultation, l\u2019exploration ou de l\u2019utilisation du Site. OPSIO s\u2019exon\u00e8re en particulier de toute responsabilit\u00e9 en cas d\u2019indisponibilit\u00e9 et\/ou de tout probl\u00e8me technique du Site.<\/p>\n<p>OPSIO ne peut \u00eatre tenue pour responsable en raison d\u2019une erreur ou d\u2019une impossibilit\u00e9 de fournir un Service ne r\u00e9sultant pas de sa propre faute. En tout \u00e9tat, le Client ne peut pr\u00e9tendre qu\u2019au remboursement du prix pay\u00e9 pour le Service.<\/p>\n<p><strong>ARTICLE 8 &#8211; Donn\u00e9es personnelles<\/strong><\/p>\n<p>Les donn\u00e9es personnelles des Utilisateurs et des Clients sont trait\u00e9es conform\u00e9ment \u00e0 la Politique de Confidentialit\u00e9, laquelle fait partie int\u00e9grante des CGVU.<\/p>\n<p>OPSIO a pris des mesures organisationnelles et techniques appropri\u00e9es afin d&#8217;emp\u00eacher toute manipulation fortuite ou intentionnelle de son Site, ainsi que toute perte, destruction de donn\u00e9es ou acc\u00e8s non autoris\u00e9 lors de l&rsquo;utilisation de celui-ci.<\/p>\n<p>Elle attire l&rsquo;attention sur le fait que toutes donn\u00e9es non codifi\u00e9es sur internet ne sont pas s\u00e9curis\u00e9es. Il n&rsquo;est donc pas exclu que des donn\u00e9es transmises sans \u00eatre codifi\u00e9es (par exemple messages \u00e9lectroniques) puissent \u00eatre lues ou modifi\u00e9es par des tiers non autoris\u00e9s.<\/p>\n<p><strong>ARTICLE 9 \u2013 Partenariat commercial<\/strong><\/p>\n<p>Dans le cadre du Service de recherches d\u2019avoirs de libre passage, OPSIO est partenaire de la plateforme suisse Lemania &#8211; Pension Hub.<\/p>\n<p>En ce sens, le Client ayant souscrit \u00e0 ce Service accepte que ses avoirs de libre passage soient regroup\u00e9s au sein de cette plateforme, moyennant un droit d\u2019entr\u00e9e de 3% des avoirs ainsi regroup\u00e9s. <\/p>\n<p>Un acc\u00e8s num\u00e9rique sera transmis par voie postale au Client afin qu\u2019il puisse consulter en temps r\u00e9el ses avoirs de pr\u00e9voyances et leurs performances, tout en b\u00e9n\u00e9ficiant de l\u2019expertise de Lemania &#8211; Pension Hub.<\/p>\n<p>Les modalit\u00e9s de la relation entre le Client et Lemania &#8211; Pension Hub seront r\u00e9gies par un contrat s\u00e9par\u00e9 dont OPSIO ne sera pas partie.<\/p>\n<p><strong>ARTICLE 10 &#8211; Dispositions g\u00e9n\u00e9rales<\/strong><\/p>\n<p>Les dispositions des CGVU et de la Politique de confidentialit\u00e9 refl\u00e8tent l\u2019int\u00e9grale et exclusive expression de l\u2019accord des parties, sous r\u00e9serve des \u00e9ventuelles modalit\u00e9s suppl\u00e9mentaires convenues par \u00e9crit au sein des contrats de Services.<\/p>\n<p>Dans le cas o\u00f9 l\u2019une des dispositions des CGVU, ou une partie de l\u2019une de ces dispositions, doit \u00eatre consid\u00e9r\u00e9e comme nulle, ill\u00e9gale, ou inefficace d\u2019apr\u00e8s le droit applicable, le reste des CGVU restera valable et efficace. <\/p>\n<p>Aucun tiers ne pourra se pr\u00e9valoir des CGVU ou de l\u2019une de ses clauses comme en \u00e9tant le b\u00e9n\u00e9ficiaire. <\/p>\n<p>Les droits, devoirs et obligations d\u00e9coulant des CGVU ne pourront \u00eatre c\u00e9d\u00e9s par aucune des parties, sans l\u2019accord pr\u00e9alable \u00e9crit de l\u2019autre partie. <\/p>\n<p>Aucune des parties ne sera responsable \u00e0 l\u2019\u00e9gard de l\u2019autre en raison de l\u2019inex\u00e9cution de ses obligations d\u00e9coulant des CGVU pendant toute p\u00e9riode durant laquelle l\u2019ex\u00e9cution de ces obligations est devenue irr\u00e9alisable ou impossible en raison d\u2019un cas de force majeure, pour autant que la partie victime de la force majeure notifie dans les meilleurs d\u00e9lais \u00e0 l\u2019autre partie ce cas de force majeur.<br \/>\nOPSIO se r\u00e9serve le droit d\u2019effectuer des modifications de ses CGVU, lesquelles prendront effet d\u00e8s leur publication sur le Site. Les \u00e9ventuelles modifications sont applicables pour toute nouvelle visite sur le Site ainsi que pour tout Service souscrit post\u00e9rieurement, \u00e0 moins qu\u2019une clause contractuelle ou que la loi ne le pr\u00e9voie autrement. <\/p>\n<p><strong>ARTICLE 11 &#8211; Droit applicable et for<\/strong><\/p>\n<p>Le pr\u00e9sent contrat est r\u00e9gi par le droit suisse \u00e0 l\u2019exclusion de la Loi sur le droit international priv\u00e9.<\/p>\n<p>Pour tout litige d\u00e9coulant des CGVU ou s\u2019y rapportant, le for est \u00e0 Gen\u00e8ve. Le recours au Tribunal f\u00e9d\u00e9ral demeure r\u00e9serv\u00e9.[\/et_pb_text][\/et_pb_column][\/et_pb_row][\/et_pb_section]<\/p>\n","protected":false},"excerpt":{"rendered":"<p>Conditions g\u00e9n\u00e9rales de ventePREAMBULE La soci\u00e9t\u00e9 OPSIO SARL (ci-apr\u00e8s : OPSIO) a mis sur pied le site web opsio.ch. OPSIO a pour objectif de proposer \u00e0 ses Clients des services payants dans le domaine de la pr\u00e9voyance, de l\u2019investissement financier, de la fiscalit\u00e9, et de la recherche d\u2019avoirs de libre passage. OPSIO propose \u00e9galement un [&hellip;]<\/p>\n","protected":false},"author":1,"featured_media":0,"parent":0,"menu_order":0,"comment_status":"closed","ping_status":"closed","template":"page-template-blank.php","meta":{"_et_pb_use_builder":"on","_et_pb_old_content":"","_et_gb_content_width":"","footnotes":""},"class_list":["post-46","page","type-page","status-publish","hentry"],"_links":{"self":[{"href":"https:\/\/romandie-opportunit\u00e9.ch\/index.php?rest_route=\/wp\/v2\/pages\/46","targetHints":{"allow":["GET"]}}],"collection":[{"href":"https:\/\/romandie-opportunit\u00e9.ch\/index.php?rest_route=\/wp\/v2\/pages"}],"about":[{"href":"https:\/\/romandie-opportunit\u00e9.ch\/index.php?rest_route=\/wp\/v2\/types\/page"}],"author":[{"embeddable":true,"href":"https:\/\/romandie-opportunit\u00e9.ch\/index.php?rest_route=\/wp\/v2\/users\/1"}],"replies":[{"embeddable":true,"href":"https:\/\/romandie-opportunit\u00e9.ch\/index.php?rest_route=%2Fwp%2Fv2%2Fcomments&post=46"}],"version-history":[{"count":7,"href":"https:\/\/romandie-opportunit\u00e9.ch\/index.php?rest_route=\/wp\/v2\/pages\/46\/revisions"}],"predecessor-version":[{"id":61,"href":"https:\/\/romandie-opportunit\u00e9.ch\/index.php?rest_route=\/wp\/v2\/pages\/46\/revisions\/61"}],"wp:attachment":[{"href":"https:\/\/romandie-opportunit\u00e9.ch\/index.php?rest_route=%2Fwp%2Fv2%2Fmedia&parent=46"}],"curies":[{"name":"wp","href":"https:\/\/api.w.org\/{rel}","templated":true}]}}